{"id":32,"date":"2017-01-05T14:20:47","date_gmt":"2017-01-05T14:20:47","guid":{"rendered":"https:\/\/wp.nkdev.info\/youplay\/demos\/anime\/?page_id=32"},"modified":"2017-04-10T09:59:08","modified_gmt":"2017-04-10T09:59:08","slug":"blog","status":"publish","type":"page","link":"https:\/\/emupartidas.es\/online\/blog\/","title":{"rendered":"Blog"},"content":{"rendered":"<div class=\"wpb-content-wrapper\"><p>[vc_row el_id=\u00bbnews\u00bb][vc_column]<div class='youplay-box  container'>\r\n              <h2 class=' h1'>\u00daltimas publicaciones<\/h2> <div class=\"youplay-news  nk-load-more-container\"> \r\n<div id=\"post-1444\" class=\"news-one post-1444 post type-post status-publish format-standard has-post-thumbnail hentry category-emujornadas\">\r\n    <div class=\"row vertical-gutter\">\r\n        <div class=\"col-md-4\">\r\n            <a href=\"https:\/\/emupartidas.es\/online\/ix-emujornadas\/\" class=\"angled-img\">\r\n\t\t\t<div class=\"img\">\r\n\t\t\t\t<img loading=\"lazy\" decoding=\"async\" width=\"500\" height=\"375\" src=\"https:\/\/emupartidas.es\/online\/wp-content\/uploads\/IX-EMUjornadas-500x375.jpg\" class=\"attachment-500x375 size-500x375 wp-post-image\" alt=\"\" \/>\r\n\t\t\t<\/div>\r\n\t\t\t<div class=\"over-info bottom h4\"><span class=\"posted-on\"><i class=\"fa fa-calendar\"><\/i> <time class=\"entry-date published\" datetime=\"2018-06-30T19:13:40+00:00\">30\/06\/2018<\/time><\/span><\/div>\r\n\t\t<\/a>        <\/div>\r\n        <div class=\"col-md-8\">\r\n            <div class=\"clearfix\">\r\n                <h3 class=\"h2 pull-left m-0\"><a href=\"https:\/\/emupartidas.es\/online\/ix-emujornadas\/\" rel=\"bookmark\">IX EMUjornadas<\/a><\/h3>            <\/div>\r\n            <div class=\"tags\">\r\n                            <\/div>\r\n            <div class=\"description\">\r\n                <p>IX EMUjornadas Este verano hacemos unas EMUjornadas especiales veraniegas con \u00a1doble de todo! Doble duraci\u00f3n: para que nadie se quede sin jugar, durar\u00e1n todo el verano completo. Doble de juegos: casi el doble de los habituales, en modalidades de 2, 3 y 4 jugadores. Doble de cr\u00e9dito: Cada jugador puede disfrutar de 2 cr\u00e9ditos intransferibles. [&#8230;]<\/p>\n\r\n                                <\/div>\r\n                <a href=\"https:\/\/emupartidas.es\/online\/ix-emujornadas\/\" class=\"btn read-more pull-left\">Ver publicaci\u00f3n<\/a>\r\n                            <\/div>\r\n        <\/div>\r\n<\/div>\r\n\r\n<div id=\"post-1388\" class=\"news-one post-1388 post type-post status-publish format-standard has-post-thumbnail hentry category-emujornadas\">\r\n    <div class=\"row vertical-gutter\">\r\n        <div class=\"col-md-4\">\r\n            <a href=\"https:\/\/emupartidas.es\/online\/viii-emujornadas\/\" class=\"angled-img\">\r\n\t\t\t<div class=\"img\">\r\n\t\t\t\t<img loading=\"lazy\" decoding=\"async\" width=\"500\" height=\"375\" src=\"https:\/\/emupartidas.es\/online\/wp-content\/uploads\/VIII-EMUjornadas-500x375.jpg\" class=\"attachment-500x375 size-500x375 wp-post-image\" alt=\"\" \/>\r\n\t\t\t<\/div>\r\n\t\t\t<div class=\"over-info bottom h4\"><span class=\"posted-on\"><i class=\"fa fa-calendar\"><\/i> <time class=\"entry-date published\" datetime=\"2018-05-17T12:32:14+00:00\">17\/05\/2018<\/time><\/span><\/div>\r\n\t\t<\/a>        <\/div>\r\n        <div class=\"col-md-8\">\r\n            <div class=\"clearfix\">\r\n                <h3 class=\"h2 pull-left m-0\"><a href=\"https:\/\/emupartidas.es\/online\/viii-emujornadas\/\" rel=\"bookmark\">VIII EMUjornadas<\/a><\/h3>            <\/div>\r\n            <div class=\"tags\">\r\n                            <\/div>\r\n            <div class=\"description\">\r\n                <p>VIII EMUjornadas Despu\u00e9s de unos meses de descanso \u00a1volvemos con nuestras EMUjornadas de juego online cooperativo! En esta ocasi\u00f3n incluimos dos cl\u00e1sicos: Bubble Bobble (1986) de Taito y Knights of the Round (1991) de CPS1 y dos juegos relativamente modernos: Demon Front (2002) de PGM y Dodonpachi III (2002) de Cave, que jugaremos en exclusiva [&#8230;]<\/p>\n\r\n                                <\/div>\r\n                <a href=\"https:\/\/emupartidas.es\/online\/viii-emujornadas\/\" class=\"btn read-more pull-left\">Ver publicaci\u00f3n<\/a>\r\n                            <\/div>\r\n        <\/div>\r\n<\/div>\r\n\r\n<div id=\"post-1353\" class=\"news-one post-1353 post type-post status-publish format-standard has-post-thumbnail hentry category-guias-tutoriales\">\r\n    <div class=\"row vertical-gutter\">\r\n        <div class=\"col-md-4\">\r\n            <a href=\"https:\/\/emupartidas.es\/online\/the-gladiator-road-of-sword-guia-en-espanol\/\" class=\"angled-img\">\r\n\t\t\t<div class=\"img\">\r\n\t\t\t\t<img loading=\"lazy\" decoding=\"async\" width=\"448\" height=\"224\" src=\"https:\/\/emupartidas.es\/online\/wp-content\/uploads\/thegladpcb.png\" class=\"attachment-500x375 size-500x375 wp-post-image\" alt=\"\" srcset=\"https:\/\/emupartidas.es\/online\/wp-content\/uploads\/thegladpcb.png 448w, https:\/\/emupartidas.es\/online\/wp-content\/uploads\/thegladpcb-300x150.png 300w\" sizes=\"auto, (max-width: 448px) 100vw, 448px\" \/>\r\n\t\t\t<\/div>\r\n\t\t\t<div class=\"over-info bottom h4\"><span class=\"posted-on\"><i class=\"fa fa-calendar\"><\/i> <time class=\"entry-date published\" datetime=\"2018-05-05T23:31:02+00:00\">05\/05\/2018<\/time><\/span><\/div>\r\n\t\t<\/a>        <\/div>\r\n        <div class=\"col-md-8\">\r\n            <div class=\"clearfix\">\r\n                <h3 class=\"h2 pull-left m-0\"><a href=\"https:\/\/emupartidas.es\/online\/the-gladiator-road-of-sword-guia-en-espanol\/\" rel=\"bookmark\">The Gladiator Road of Sword [Gu\u00eda en espa\u00f1ol]<\/a><\/h3>            <\/div>\r\n            <div class=\"tags\">\r\n                            <\/div>\r\n            <div class=\"description\">\r\n                <p>Controles Bot\u00f3n 1: atacar \/ recoger elementos. Abajo, abajo\/adelante, adelante y 1: especial. Abajo, adelante (no se tiene por qu\u00e9 hacer diagonal) y 1: especial 2 Bot\u00f3n 2: super (hay un medidor debajo de la barra de salud que se llena. Cu\u00e1ndo puedes hacer este movimiento depende de si hay un n\u00famero mayor que 0 [&#8230;]<\/p>\n\r\n                                <\/div>\r\n                <a href=\"https:\/\/emupartidas.es\/online\/the-gladiator-road-of-sword-guia-en-espanol\/\" class=\"btn read-more pull-left\">Ver publicaci\u00f3n<\/a>\r\n                            <\/div>\r\n        <\/div>\r\n<\/div>\r\n\r\n<div id=\"post-1237\" class=\"news-one post-1237 post type-post status-publish format-standard has-post-thumbnail hentry category-noticias\">\r\n    <div class=\"row vertical-gutter\">\r\n        <div class=\"col-md-4\">\r\n            <a href=\"https:\/\/emupartidas.es\/online\/emupartidas-station-retroarch-online\/\" class=\"angled-img\">\r\n\t\t\t<div class=\"img\">\r\n\t\t\t\t<img loading=\"lazy\" decoding=\"async\" width=\"500\" height=\"375\" src=\"https:\/\/emupartidas.es\/online\/wp-content\/uploads\/emupartidas-retroarch-online-mslug3-500x375.jpg\" class=\"attachment-500x375 size-500x375 wp-post-image\" alt=\"\" \/>\r\n\t\t\t<\/div>\r\n\t\t\t<div class=\"over-info bottom h4\"><span class=\"posted-on\"><i class=\"fa fa-calendar\"><\/i> <time class=\"entry-date published\" datetime=\"2018-02-09T19:46:34+00:00\">09\/02\/2018<\/time><\/span><\/div>\r\n\t\t<\/a>        <\/div>\r\n        <div class=\"col-md-8\">\r\n            <div class=\"clearfix\">\r\n                <h3 class=\"h2 pull-left m-0\"><a href=\"https:\/\/emupartidas.es\/online\/emupartidas-station-retroarch-online\/\" rel=\"bookmark\">EMUpartidas Station con Retro Arch online<\/a><\/h3>            <\/div>\r\n            <div class=\"tags\">\r\n                            <\/div>\r\n            <div class=\"description\">\r\n                NOTA: Hasta que terminemos de desarrollar y recopilar nuestro nuevo EMUpartidas PACK queda deshabilitada la descarga del antiguo EMUpartidas Station. Si quieres estar al tanto de nuestro lanzamiento puedes seguirnos en twitter. &nbsp; &nbsp; Sistema completo de emulaci\u00f3n online de sistemas: ARCADE: mediante Retroarch y MAME. CONSOLAS: Megadrive, Sega32x, Super Nintendo, NES, Game Boy, Game [...]\r\n                                <\/div>\r\n                <a href=\"https:\/\/emupartidas.es\/online\/emupartidas-station-retroarch-online\/\" class=\"btn read-more pull-left\">Ver publicaci\u00f3n<\/a>\r\n                            <\/div>\r\n        <\/div>\r\n<\/div>\r\n    <\/div>\r\n\r\n    <div class=\"clearfix\"><\/div>\r\n    \t<ul class='pagination dib'>\r\n\t\t<li class=\"sr-only\"><h2>Posts navigation<\/h2><\/li>\r\n\r\n\t\t\t\t\t<li class=\"active\">\r\n\t\t\t\t<span aria-current=\"page\" class=\"page-numbers current\">1<\/span>\t\t\t<\/li>\r\n\t\t\t\t\t<li >\r\n\t\t\t\t<a class=\"page-numbers\" href=\"https:\/\/emupartidas.es\/online\/wp-json\/wp\/v2\/pages\/32\/page\/2\/\">2<\/a>\t\t\t<\/li>\r\n\t\t\t\t\t<li >\r\n\t\t\t\t<a class=\"page-numbers\" href=\"https:\/\/emupartidas.es\/online\/wp-json\/wp\/v2\/pages\/32\/page\/3\/\">3<\/a>\t\t\t<\/li>\r\n\t\t\t\t\t<li >\r\n\t\t\t\t<a class=\"page-numbers\" href=\"https:\/\/emupartidas.es\/online\/wp-json\/wp\/v2\/pages\/32\/page\/4\/\">4<\/a>\t\t\t<\/li>\r\n\t\t\t\t\t<li >\r\n\t\t\t\t<a class=\"page-numbers\" href=\"https:\/\/emupartidas.es\/online\/wp-json\/wp\/v2\/pages\/32\/page\/5\/\">5<\/a>\t\t\t<\/li>\r\n\t\t\t\t\t<li >\r\n\t\t\t\t<a class=\"page-numbers\" href=\"https:\/\/emupartidas.es\/online\/wp-json\/wp\/v2\/pages\/32\/page\/6\/\">6<\/a>\t\t\t<\/li>\r\n\t\t\t\t\t<li >\r\n\t\t\t\t<a class=\"page-numbers\" href=\"https:\/\/emupartidas.es\/online\/wp-json\/wp\/v2\/pages\/32\/page\/7\/\">7<\/a>\t\t\t<\/li>\r\n\t\t\t\t\t<li >\r\n\t\t\t\t<a class=\"next page-numbers\" href=\"https:\/\/emupartidas.es\/online\/wp-json\/wp\/v2\/pages\/32\/page\/2\/\">&rarr;<\/a>\t\t\t<\/li>\r\n\t\t\t<\/ul>\r\n\t\r\n    \r\n    \r\n            <\/div>[\/vc_column][\/vc_row]<\/p>\n<\/div>","protected":false},"excerpt":{"rendered":"NOTA: Hasta que terminemos de desarrollar y recopilar nuestro nuevo EMUpartidas PACK queda deshabilitada la descarga del antiguo EMUpartidas Station. Si quieres estar al tanto de nuestro lanzamiento puedes seguirnos en twitter. &nbsp; &nbsp; Sistema completo de emulaci\u00f3n online de sistemas: ARCADE: mediante Retroarch y MAME. CONSOLAS: Megadrive, Sega32x, Super Nintendo, NES, Game Boy, Game [...]","protected":false},"author":4,"featured_media":90,"parent":0,"menu_order":0,"comment_status":"closed","ping_status":"closed","template":"","meta":{"_bbp_topic_count":0,"_bbp_reply_count":0,"_bbp_total_topic_count":0,"_bbp_total_reply_count":0,"_bbp_voice_count":0,"_bbp_anonymous_reply_count":0,"_bbp_topic_count_hidden":0,"_bbp_reply_count_hidden":0,"_bbp_forum_subforum_count":0,"footnotes":""},"class_list":["post-32","page","type-page","status-publish","has-post-thumbnail","hentry"],"_links":{"self":[{"href":"https:\/\/emupartidas.es\/online\/wp-json\/wp\/v2\/pages\/32","targetHints":{"allow":["GET"]}}],"collection":[{"href":"https:\/\/emupartidas.es\/online\/wp-json\/wp\/v2\/pages"}],"about":[{"href":"https:\/\/emupartidas.es\/online\/wp-json\/wp\/v2\/types\/page"}],"author":[{"embeddable":true,"href":"https:\/\/emupartidas.es\/online\/wp-json\/wp\/v2\/users\/4"}],"replies":[{"embeddable":true,"href":"https:\/\/emupartidas.es\/online\/wp-json\/wp\/v2\/comments?post=32"}],"version-history":[{"count":5,"href":"https:\/\/emupartidas.es\/online\/wp-json\/wp\/v2\/pages\/32\/revisions"}],"predecessor-version":[{"id":554,"href":"https:\/\/emupartidas.es\/online\/wp-json\/wp\/v2\/pages\/32\/revisions\/554"}],"wp:featuredmedia":[{"embeddable":true,"href":"https:\/\/emupartidas.es\/online\/wp-json\/wp\/v2\/media\/90"}],"wp:attachment":[{"href":"https:\/\/emupartidas.es\/online\/wp-json\/wp\/v2\/media?parent=32"}],"curies":[{"name":"wp","href":"https:\/\/api.w.org\/{rel}","templated":true}]}}